{"id":55,"date":"2008-03-25T19:46:55","date_gmt":"2008-03-25T18:46:55","guid":{"rendered":"http:\/\/www.sumpflaeufer.de\/?page_id=55"},"modified":"2008-12-17T00:00:31","modified_gmt":"2008-12-16T22:00:31","slug":"entwicklung","status":"publish","type":"page","link":"https:\/\/www.sumpflaeufer.de\/?page_id=55","title":{"rendered":"Entwicklung"},"content":{"rendered":"<p><font color=\"#2a5a8a\"><strong>Meine Software die ich f\u00fcr die Erfassung meiner Trainingsdaten verwende (SportTracks) bietet vielf\u00e4ltige M\u00f6glichkeiten der Auswertung. Mit den auf dieser Seite dargestellten Zahlen und Grafiken m\u00f6chte ich aufzeigen, wie ich mich seit Laufbeginn entwickelt habe&#8230;<\/strong><\/font><\/p>\n<p>Die erste Grafik zeigt, wie sich im Verh\u00e4ltnis zum fast gleichbleibenden Durchschnittspuls, das Lauftempo im Laufe der Jahre gesteigert hat:<\/p>\n<p class=\"imageholder\"><a href=\"\/wp-content\/images\/img_005Big.jpg\" rel=\"lightbox\"><img decoding=\"async\" src=\"\/wp-content\/images\/img_005.jpg\" \/><\/a><\/p>\n","protected":false},"excerpt":{"rendered":"<p>Meine Software die ich f\u00fcr die Erfassung meiner Trainingsdaten verwende (SportTracks) bietet vielf\u00e4ltige M\u00f6glichkeiten der Auswertung. Mit den auf dieser Seite dargestellten Zahlen und Grafiken m\u00f6chte ich aufzeigen, wie ich mich seit Laufbeginn entwickelt habe&#8230;<br \/>\nDie erste Grafik zeigt, wie sich im Verh\u00e4ltnis zum fast gleichbleibenden Durchschnittspuls, das Lauftempo im Laufe der Jahre gesteigert hat:<\/p>\n","protected":false},"author":2,"featured_media":0,"parent":18,"menu_order":0,"comment_status":"closed","ping_status":"closed","template":"","meta":[],"_links":{"self":[{"href":"https:\/\/www.sumpflaeufer.de\/index.php?rest_route=\/wp\/v2\/pages\/55"}],"collection":[{"href":"https:\/\/www.sumpflaeufer.de\/index.php?rest_route=\/wp\/v2\/pages"}],"about":[{"href":"https:\/\/www.sumpflaeufer.de\/index.php?rest_route=\/wp\/v2\/types\/page"}],"author":[{"embeddable":true,"href":"https:\/\/www.sumpflaeufer.de\/index.php?rest_route=\/wp\/v2\/users\/2"}],"replies":[{"embeddable":true,"href":"https:\/\/www.sumpflaeufer.de\/index.php?rest_route=%2Fwp%2Fv2%2Fcomments&post=55"}],"version-history":[{"count":0,"href":"https:\/\/www.sumpflaeufer.de\/index.php?rest_route=\/wp\/v2\/pages\/55\/revisions"}],"up":[{"embeddable":true,"href":"https:\/\/www.sumpflaeufer.de\/index.php?rest_route=\/wp\/v2\/pages\/18"}],"wp:attachment":[{"href":"https:\/\/www.sumpflaeufer.de\/index.php?rest_route=%2Fwp%2Fv2%2Fmedia&parent=55"}],"curies":[{"name":"wp","href":"https:\/\/api.w.org\/{rel}","templated":true}]}}