{"id":24,"date":"2008-01-12T09:17:20","date_gmt":"2008-01-12T08:17:20","guid":{"rendered":"http:\/\/www.sumpflaeufer.de\/?page_id=24"},"modified":"2008-12-17T00:04:58","modified_gmt":"2008-12-16T22:04:58","slug":"bestzeiten","status":"publish","type":"page","link":"https:\/\/www.sumpflaeufer.de\/?page_id=24","title":{"rendered":"Bestzeiten"},"content":{"rendered":"<p><font color=\"#2a5a8a\"><strong>Hier sind meine pers\u00f6nlichen Bestzeiten aufgef\u00fchrt, die bei Wettk\u00e4mpfen und im Training entstanden sind&#8230;<\/strong><\/font><\/p>\n<p><strong>1000 m:<\/p>\n<table class=\"wptable rowstyle-alt\" id=\"wptable-9\"  cellspacing=\"1\">\n\t<thead>\n\t<tr>\n\t\t<th class=\"sortable\" style=\"width:70px\" align=\"center\">Datum<\/th>\n\t\t<th class=\"sortable\" style=\"width:60px\" align=\"center\">Zeit [h:mm:ss]<\/th>\n\t<\/tr>\n\t<\/thead>\n\t<tr>\n\t\t<td style=\"width:70px\" align=\"center\">07.03.2008<\/td>\n\t\t<td style=\"width:60px\" align=\"center\">0:03:52<\/td>\n\t<\/tr>\n<\/table><p>\n<br \/>\n5 km: <\/p>\n<table class=\"wptable rowstyle-alt\" id=\"wptable-8\"  cellspacing=\"1\">\n\t<thead>\n\t<tr>\n\t\t<th class=\"sortable\" style=\"width:70px\" align=\"center\">Datum<\/th>\n\t\t<th class=\"sortable\" style=\"width:60px\" align=\"center\">Zeit [h:mm:ss]<\/th>\n\t\t<th class=\"sortable\" style=\"width:30px\" >Pace<\/th>\n\t<\/tr>\n\t<\/thead>\n\t<tr>\n\t\t<td style=\"width:70px\" align=\"center\">16.01.2008<\/td>\n\t\t<td style=\"width:60px\" align=\"center\">0:22:55<\/td>\n\t\t<td style=\"width:30px\" >4:35<\/td>\n\t<\/tr>\n\t<tr class=\"alt\">\n\t\t<td style=\"width:70px\" align=\"center\">15.02.2008<\/td>\n\t\t<td style=\"width:60px\" align=\"center\">0:22:35<\/td>\n\t\t<td style=\"width:30px\" >4:31<\/td>\n\t<\/tr>\n\t<tr>\n\t\t<td style=\"width:70px\" align=\"center\">26.05.2010<\/td>\n\t\t<td style=\"width:60px\" align=\"center\">0:22:31<\/td>\n\t\t<td style=\"width:30px\" >4:30<\/td>\n\t<\/tr>\n<\/table><p>\n<br \/>\n10 km:<\/p>\n<table class=\"wptable rowstyle-alt\" id=\"wptable-4\"  cellspacing=\"1\">\n\t<thead>\n\t<tr>\n\t\t<th class=\"sortable\" style=\"width:70px\" align=\"center\">Datum<\/th>\n\t\t<th class=\"sortable\" style=\"width:60px\" align=\"center\">Zeit [h:mm:ss]<\/th>\n\t\t<th class=\"sortable\" style=\"width:30px\" >Pace<\/th>\n\t<\/tr>\n\t<\/thead>\n\t<tr>\n\t\t<td style=\"width:70px\" align=\"center\">24.06.2007<\/td>\n\t\t<td style=\"width:60px\" align=\"center\">0:50:30<\/td>\n\t\t<td style=\"width:30px\" >5:03<\/td>\n\t<\/tr>\n\t<tr class=\"alt\">\n\t\t<td style=\"width:70px\" align=\"center\">21.12.2007<\/td>\n\t\t<td style=\"width:60px\" align=\"center\">0:47:50<\/td>\n\t\t<td style=\"width:30px\" >4:47<\/td>\n\t<\/tr>\n\t<tr>\n\t\t<td style=\"width:70px\" align=\"center\">11.02.2008<\/td>\n\t\t<td style=\"width:60px\" align=\"center\">0:47:35<\/td>\n\t\t<td style=\"width:30px\" >4:45<\/td>\n\t<\/tr>\n\t<tr class=\"alt\">\n\t\t<td style=\"width:70px\" align=\"center\">15.02.2008<\/td>\n\t\t<td style=\"width:60px\" align=\"center\">0:45:55<\/td>\n\t\t<td style=\"width:30px\" >4:35<\/td>\n\t<\/tr>\n\t<tr>\n\t\t<td style=\"width:70px\" align=\"center\">06.06.2010<\/td>\n\t\t<td style=\"width:60px\" align=\"center\">0:45:37<\/td>\n\t\t<td style=\"width:30px\" >4:34<\/td>\n\t<\/tr>\n<\/table><p>\n<br \/>\nHalbmarathon:<\/p>\n<table class=\"wptable rowstyle-alt\" id=\"wptable-5\"  cellspacing=\"1\">\n\t<thead>\n\t<tr>\n\t\t<th class=\"sortable\" style=\"width:70px\" align=\"center\">Datum<\/th>\n\t\t<th class=\"sortable\" style=\"width:60px\" align=\"center\">Zeit [h:mm:ss]<\/th>\n\t\t<th class=\"sortable\" style=\"width:30px\" >Pace<\/th>\n\t<\/tr>\n\t<\/thead>\n\t<tr>\n\t\t<td style=\"width:70px\" align=\"center\">21.05.2005<\/td>\n\t\t<td style=\"width:60px\" align=\"center\">1:59:59<\/td>\n\t\t<td style=\"width:30px\" >5:41<\/td>\n\t<\/tr>\n\t<tr class=\"alt\">\n\t\t<td style=\"width:70px\" align=\"center\">13.05.2006<\/td>\n\t\t<td style=\"width:60px\" align=\"center\">1:57:30<\/td>\n\t\t<td style=\"width:30px\" >5:34<\/td>\n\t<\/tr>\n\t<tr>\n\t\t<td style=\"width:70px\" align=\"center\">12.05.2007<\/td>\n\t\t<td style=\"width:60px\" align=\"center\">1:56:36<\/td>\n\t\t<td style=\"width:30px\" >5:32<\/td>\n\t<\/tr>\n\t<tr class=\"alt\">\n\t\t<td style=\"width:70px\" align=\"center\">08.09.2007<\/td>\n\t\t<td style=\"width:60px\" align=\"center\">1:50:37<\/td>\n\t\t<td style=\"width:30px\" >5:15<\/td>\n\t<\/tr>\n\t<tr>\n\t\t<td style=\"width:70px\" align=\"center\">18.11.2007<\/td>\n\t\t<td style=\"width:60px\" align=\"center\">1:45:45<\/td>\n\t\t<td style=\"width:30px\" >5:01<\/td>\n\t<\/tr>\n\t<tr class=\"alt\">\n\t\t<td style=\"width:70px\" align=\"center\">10.03.2008<\/td>\n\t\t<td style=\"width:60px\" align=\"center\">1:43:27<\/td>\n\t\t<td style=\"width:30px\" >4:54<\/td>\n\t<\/tr>\n\t<tr>\n\t\t<td style=\"width:70px\" align=\"center\">17.05.2008<\/td>\n\t\t<td style=\"width:60px\" align=\"center\">1:41:42<\/td>\n\t\t<td style=\"width:30px\" >4:49<\/td>\n\t<\/tr>\n<\/table><p>\n<br \/>\nMarathon:<\/p>\n<table class=\"wptable rowstyle-alt\" id=\"wptable-11\"  cellspacing=\"1\">\n\t<thead>\n\t<tr>\n\t\t<th class=\"sortable\" style=\"width:70px\" align=\"center\">Datum<\/th>\n\t\t<th class=\"sortable\" style=\"width:60px\" align=\"center\">Zeit [h:mm:ss]<\/th>\n\t\t<th class=\"sortable\" style=\"width:30px\" >Pace<\/th>\n\t<\/tr>\n\t<\/thead>\n\t<tr>\n\t\t<td style=\"width:70px\" align=\"center\">27.04.2008<\/td>\n\t\t<td style=\"width:60px\" align=\"center\">4:35:14<\/td>\n\t\t<td style=\"width:30px\" >6:31<\/td>\n\t<\/tr>\n<\/table><p>\n<br \/>\nCoopertest:<\/p>\n<table class=\"wptable rowstyle-alt\" id=\"wptable-6\"  cellspacing=\"1\">\n\t<thead>\n\t<tr>\n\t\t<th class=\"sortable\" style=\"width:70px\" align=\"center\">Datum<\/th>\n\t\t<th class=\"sortable\" style=\"width:60px\" align=\"center\">Strecke [m]<\/th>\n\t\t<th class=\"sortable\" style=\"width:30px\" align=\"center\">Pace<\/th>\n\t<\/tr>\n\t<\/thead>\n\t<tr>\n\t\t<td style=\"width:70px\" align=\"center\">23.02.2006<\/td>\n\t\t<td style=\"width:60px\" align=\"center\">2400<\/td>\n\t\t<td style=\"width:30px\" align=\"center\">5:00<\/td>\n\t<\/tr>\n\t<tr class=\"alt\">\n\t\t<td style=\"width:70px\" align=\"center\">27.06.2006<\/td>\n\t\t<td style=\"width:60px\" align=\"center\">2450<\/td>\n\t\t<td style=\"width:30px\" align=\"center\">4:54<\/td>\n\t<\/tr>\n\t<tr>\n\t\t<td style=\"width:70px\" align=\"center\">05.11.2007<\/td>\n\t\t<td style=\"width:60px\" align=\"center\">2740<\/td>\n\t\t<td style=\"width:30px\" align=\"center\">4:23<\/td>\n\t<\/tr>\n\t<tr class=\"alt\">\n\t\t<td style=\"width:70px\" align=\"center\">24.03.2008<\/td>\n\t\t<td style=\"width:60px\" align=\"center\">2840<\/td>\n\t\t<td style=\"width:30px\" align=\"center\">4:13<\/td>\n\t<\/tr>\n<\/table><p>\n<\/strong><\/p>\n","protected":false},"excerpt":{"rendered":"<p>Hier sind meine pers\u00f6nlichen Bestzeiten aufgef\u00fchrt, die bei Wettk\u00e4mpfen und im Training entstanden sind&#8230;<br \/>\n1000 m:<\/p>\n<p>\t\tDatum<br \/>\n\t\tZeit [h:mm:ss]<\/p>\n<p>\t\t07.03.2008<br \/>\n\t\t0:03:52<\/p>\n<p>5 km: <\/p>\n<p>\t\tDatum<br \/>\n\t\tZeit [h:mm:ss]<br \/>\n\t\tPace<\/p>\n<p>\t\t16.01.2008<br \/>\n\t\t0:22:55<br \/>\n\t\t4:35<\/p>\n<p>\t\t15.02.2008<br \/>\n\t\t0:22:35<br \/>\n\t\t4:31<\/p>\n<p>\t\t26.05.2010<br \/>\n\t\t0:22:31<br \/>\n\t\t4:30<\/p>\n<p>10 km:<\/p>\n<p>\t\tDatum<br \/>\n\t\tZeit [h:mm:ss]<br \/>\n\t\tPace<\/p>\n<p>\t\t24.06.2007<br \/>\n\t\t0:50:30<br \/>\n\t\t5:03<\/p>\n<p>\t\t21.12.2007<br \/>\n\t\t0:47:50<br \/>\n\t\t4:47<\/p>\n<p>\t\t11.02.2008<br \/>\n\t\t0:47:35<br \/>\n\t\t4:45<\/p>\n<p>\t\t15.02.2008<br \/>\n\t\t0:45:55<br \/>\n\t\t4:35<\/p>\n<p>\t\t06.06.2010<br \/>\n\t\t0:45:37<br \/>\n\t\t4:34<\/p>\n<p>Halbmarathon:<\/p>\n<p>\t\tDatum<br \/>\n\t\tZeit [h:mm:ss]<br \/>\n\t\tPace<\/p>\n<p>\t\t21.05.2005<br \/>\n\t\t1:59:59<br \/>\n\t\t5:41<\/p>\n<p>\t\t13.05.2006<br \/>\n\t\t1:57:30<br \/>\n\t\t5:34<\/p>\n<p>\t\t12.05.2007<br \/>\n\t\t1:56:36<br \/>\n\t\t5:32<\/p>\n<p>\t\t08.09.2007<br \/>\n\t\t1:50:37<br \/>\n\t\t5:15<\/p>\n<p>\t\t18.11.2007<br \/>\n\t\t1:45:45<br \/>\n\t\t5:01<\/p>\n<p>\t\t10.03.2008<br \/>\n\t\t1:43:27<br \/>\n\t\t4:54<\/p>\n<p>\t\t17.05.2008<br \/>\n\t\t1:41:42<br \/>\n\t\t4:49<\/p>\n<p>Marathon:<\/p>\n<p>\t\tDatum<br \/>\n\t\tZeit [h:mm:ss]<br \/>\n\t\tPace<\/p>\n<p>\t\t27.04.2008<br \/>\n\t\t4:35:14<br \/>\n\t\t6:31<\/p>\n<p>Coopertest:<\/p>\n<p>\t\tDatum<br \/>\n\t\tStrecke [m]<br \/>\n\t\tPace<\/p>\n<p>\t\t23.02.2006<br \/>\n\t\t2400<br \/>\n\t\t5:00<\/p>\n<p>\t\t27.06.2006<br \/>\n\t\t2450<br \/>\n\t\t4:54<\/p>\n<p>\t\t05.11.2007<br \/>\n\t\t2740<br \/>\n\t\t4:23<\/p>\n<p>\t\t24.03.2008<br \/>\n\t\t2840<br \/>\n\t\t4:13<\/p>\n","protected":false},"author":2,"featured_media":0,"parent":0,"menu_order":55,"comment_status":"closed","ping_status":"closed","template":"","meta":[],"_links":{"self":[{"href":"https:\/\/www.sumpflaeufer.de\/index.php?rest_route=\/wp\/v2\/pages\/24"}],"collection":[{"href":"https:\/\/www.sumpflaeufer.de\/index.php?rest_route=\/wp\/v2\/pages"}],"about":[{"href":"https:\/\/www.sumpflaeufer.de\/index.php?rest_route=\/wp\/v2\/types\/page"}],"author":[{"embeddable":true,"href":"https:\/\/www.sumpflaeufer.de\/index.php?rest_route=\/wp\/v2\/users\/2"}],"replies":[{"embeddable":true,"href":"https:\/\/www.sumpflaeufer.de\/index.php?rest_route=%2Fwp%2Fv2%2Fcomments&post=24"}],"version-history":[{"count":0,"href":"https:\/\/www.sumpflaeufer.de\/index.php?rest_route=\/wp\/v2\/pages\/24\/revisions"}],"wp:attachment":[{"href":"https:\/\/www.sumpflaeufer.de\/index.php?rest_route=%2Fwp%2Fv2%2Fmedia&parent=24"}],"curies":[{"name":"wp","href":"https:\/\/api.w.org\/{rel}","templated":true}]}}