{"id":172,"date":"2009-05-07T21:31:01","date_gmt":"2009-05-07T20:31:01","guid":{"rendered":"http:\/\/www.sumpflaeufer.de\/?page_id=172"},"modified":"2009-05-07T21:38:21","modified_gmt":"2009-05-07T20:38:21","slug":"172","status":"publish","type":"page","link":"https:\/\/www.sumpflaeufer.de\/?page_id=172","title":{"rendered":"Tipps &#038; Tricks"},"content":{"rendered":"<h3><strong>Rostflecken aus Laufshirts entfernen<\/strong><\/h3>\n<p>Kommt vielleicht nicht h\u00e4ufig vor, habe es aber selbst erlebt:<br \/>\nBeim Wettkampf die Startnummer am Laufshirt \u00fcblicherweise mit Sicherheitsnadeln befestigt. Der Wettkampf fand in D\u00e4nemark statt und bevor viel sp\u00e4ter das Shirt zu Hause in die W\u00e4sche kam, fingen die Sicherheitsnadeln zwischenzeitlich an zu rosten und hinterlie\u00dfen braune Flecken, die durch das normale Waschen nicht mehr zu entfernen waren.<\/p>\n<p>Probleml\u00f6sung:<br \/>\nEs gibt von verschiedenen Firmen in Spr\u00fchflaschen sogenannten Schimmelentferner. Einfach ein wenig auf den Fleck und etwa eine Stunde einwirken lassen, dann mit viel Wasser aussp\u00fclen. Doch halt stop! Es funktioniert nat\u00fcrlich nur bei wei\u00dfem Stoff! Der Schimmelentferner enth\u00e4lt u.a. Natriumhypochlorid welches das Bleichen bewirkt.<\/p>\n<p><a href=\"http:\/\/sumpflaeufer.de\/?page_id=171\">Zur\u00fcck zur \u00dcbersicht<\/a><\/p>\n","protected":false},"excerpt":{"rendered":"<p>Rostflecken aus Laufshirts entfernen<br \/>\nKommt vielleicht nicht h\u00e4ufig vor, habe es aber selbst erlebt:<br \/>\nBeim Wettkampf die Startnummer am Laufshirt \u00fcblicherweise mit Sicherheitsnadeln befestigt. Der Wettkampf fand in D\u00e4nemark statt und bevor viel sp\u00e4ter das Shirt zu Hause in die W\u00e4sche kam, fingen die Sicherheitsnadeln zwischenzeitlich an zu rosten und hinterlie\u00dfen braune Flecken, die durch das normale [&#8230;]<\/p>\n","protected":false},"author":2,"featured_media":0,"parent":171,"menu_order":0,"comment_status":"closed","ping_status":"closed","template":"","meta":[],"_links":{"self":[{"href":"https:\/\/www.sumpflaeufer.de\/index.php?rest_route=\/wp\/v2\/pages\/172"}],"collection":[{"href":"https:\/\/www.sumpflaeufer.de\/index.php?rest_route=\/wp\/v2\/pages"}],"about":[{"href":"https:\/\/www.sumpflaeufer.de\/index.php?rest_route=\/wp\/v2\/types\/page"}],"author":[{"embeddable":true,"href":"https:\/\/www.sumpflaeufer.de\/index.php?rest_route=\/wp\/v2\/users\/2"}],"replies":[{"embeddable":true,"href":"https:\/\/www.sumpflaeufer.de\/index.php?rest_route=%2Fwp%2Fv2%2Fcomments&post=172"}],"version-history":[{"count":0,"href":"https:\/\/www.sumpflaeufer.de\/index.php?rest_route=\/wp\/v2\/pages\/172\/revisions"}],"up":[{"embeddable":true,"href":"https:\/\/www.sumpflaeufer.de\/index.php?rest_route=\/wp\/v2\/pages\/171"}],"wp:attachment":[{"href":"https:\/\/www.sumpflaeufer.de\/index.php?rest_route=%2Fwp%2Fv2%2Fmedia&parent=172"}],"curies":[{"name":"wp","href":"https:\/\/api.w.org\/{rel}","templated":true}]}}